{"id":1482,"date":"2017-09-02T08:20:47","date_gmt":"2017-09-02T08:20:47","guid":{"rendered":"https:\/\/plastimyr.com\/?page_id=1482"},"modified":"2024-08-20T10:02:59","modified_gmt":"2024-08-20T10:02:59","slug":"conocenos","status":"publish","type":"page","link":"https:\/\/plastimyr.com\/en\/conocenos\/","title":{"rendered":"About us"},"content":{"rendered":"<div data-elementor-type=\"wp-page\" data-elementor-id=\"1482\" class=\"elementor elementor-1482\">\n\t\t\t\t<div class=\"elementor-element elementor-element-96e6529 e-flex e-con-boxed wpr-particle-no wpr-jarallax-no wpr-parallax-no wpr-sticky-section-no e-con e-parent\" data-id=\"96e6529\" data-element_type=\"container\">\n\t\t\t\t\t<div class=\"e-con-inner\">\n\t\t\t\t<div class=\"elementor-element elementor-element-31c6c14 elementor-widget elementor-widget-text-editor\" data-id=\"31c6c14\" data-element_type=\"widget\" data-widget_type=\"text-editor.default\">\n\t\t\t\t<div class=\"elementor-widget-container\">\n\t\t\t\t\t\t\t\t\t<h2><b>Plastimyr, con tu beb\u00e9 d\u00eda a d\u00eda<\/b><\/h2>\n<p><strong><br>\nPlastimyr<\/strong> nace en en 1957 con la misi\u00f3n de acompa\u00f1ar a tu beb\u00e9, en sus primeros a\u00f1os, en la comodidad del hogar. Durante a\u00f1os trabajamos para innovar tanto en la calidad de nuestros productos como en el dise\u00f1o. Llegamos a ser pioneros en la fabricaci\u00f3n de ba\u00f1eras, parques y tronas.<\/p>\n<p>En 2017 iniciamos <strong>la revoluci\u00f3n de las Mam\u00e1s al D\u00eda<\/strong> que no es otra cosa que la suma de la experiencia de todos nuestros a\u00f1os de fabricaci\u00f3n a la vanguardia del dise\u00f1o y la seguridad para tu beb\u00e9.<\/p>\n<p>Apostamos por las colecciones que dan vida a la casa Plastimyr:<strong> Disney Baby, Estrellas y Topos<\/strong>. Aunque tambi\u00e9n conservamos los dise\u00f1os m\u00e1s tradicionales que se adaptan a vuestro hogar y a vuestro estilo de vida.<\/p>\n<p>La <strong>seguridad<\/strong>, sigue siendo, la m\u00e1xima en nuestros procesos de fabricaci\u00f3n. <strong>Invertimos en producci\u00f3n espa\u00f1ola y europea<\/strong>, dando como resultado productos hechos por nosotros, en nuestro pa\u00eds o en el entorno europeo.<\/p>\n<p>Cada vez estamos m\u00e1s cerca de ti. Plastimyr se expande al ritmo que lo hacen las <strong>tiendas de puericultura repartidas por Espa\u00f1a y Europa<\/strong> que conf\u00edan en la experiencia que les aportamos. Muchas de ellas tambi\u00e9n en el entorno online. Por todo ello, llegamos all\u00ed donde se encuentre vuestro hogar.<\/p>\t\t\t\t\t\t\t\t<\/div>\n\t\t\t\t<\/div>\n\t\t\t\t\t<\/div>\n\t\t\t\t<\/div>\n\t\t\t\t<section class=\"elementor-section elementor-top-section elementor-element elementor-element-74b6163 elementor-section-boxed elementor-section-height-default elementor-section-height-default wpr-particle-no wpr-jarallax-no wpr-parallax-no wpr-sticky-section-no\" data-id=\"74b6163\" data-element_type=\"section\">\n\t\t\t\t\t\t<div class=\"elementor-container elementor-column-gap-default\">\n\t\t\t\t\t<div class=\"elementor-column elementor-col-100 elementor-top-column elementor-element elementor-element-18a995d\" data-id=\"18a995d\" data-element_type=\"column\">\n\t\t\t<div class=\"elementor-widget-wrap elementor-element-populated\">\n\t\t\t\t\t\t<div class=\"elementor-element elementor-element-b45357b elementor-widget elementor-widget-image\" data-id=\"b45357b\" data-element_type=\"widget\" data-widget_type=\"image.default\">\n\t\t\t\t<div class=\"elementor-widget-container\">\n\t\t\t\t\t\t\t\t\t\t\t\t\t\t\t<img fetchpriority=\"high\" decoding=\"async\" width=\"417\" height=\"590\" src=\"https:\/\/plastimyr.com\/wp-content\/uploads\/2021\/03\/INNOCAMARAS-417x590.jpg\" class=\"attachment-large size-large wp-image-7998\" alt=\"\" srcset=\"https:\/\/plastimyr.com\/wp-content\/uploads\/2021\/03\/INNOCAMARAS-417x590.jpg 417w, https:\/\/plastimyr.com\/wp-content\/uploads\/2021\/03\/INNOCAMARAS-360x509.jpg 360w, https:\/\/plastimyr.com\/wp-content\/uploads\/2021\/03\/INNOCAMARAS-768x1086.jpg 768w, https:\/\/plastimyr.com\/wp-content\/uploads\/2021\/03\/INNOCAMARAS-1086x1536.jpg 1086w, https:\/\/plastimyr.com\/wp-content\/uploads\/2021\/03\/INNOCAMARAS-1448x2048.jpg 1448w, https:\/\/plastimyr.com\/wp-content\/uploads\/2021\/03\/INNOCAMARAS-113x160.jpg 113w, https:\/\/plastimyr.com\/wp-content\/uploads\/2021\/03\/INNOCAMARAS-177x250.jpg 177w, https:\/\/plastimyr.com\/wp-content\/uploads\/2021\/03\/INNOCAMARAS-37x53.jpg 37w, https:\/\/plastimyr.com\/wp-content\/uploads\/2021\/03\/INNOCAMARAS-600x849.jpg 600w, https:\/\/plastimyr.com\/wp-content\/uploads\/2021\/03\/INNOCAMARAS-scaled.jpg 1810w\" sizes=\"(max-width: 417px) 100vw, 417px\" \/>\t\t\t\t\t\t\t\t\t\t\t\t\t\t\t<\/div>\n\t\t\t\t<\/div>\n\t\t\t\t\t<\/div>\n\t\t<\/div>\n\t\t\t\t\t<\/div>\n\t\t<\/section>\n\t\t\t\t<section class=\"elementor-section elementor-top-section elementor-element elementor-element-7fdab26 elementor-section-boxed elementor-section-height-default elementor-section-height-default wpr-particle-no wpr-jarallax-no wpr-parallax-no wpr-sticky-section-no\" data-id=\"7fdab26\" data-element_type=\"section\">\n\t\t\t\t\t\t<div class=\"elementor-container elementor-column-gap-default\">\n\t\t\t\t\t<div class=\"elementor-column elementor-col-100 elementor-top-column elementor-element elementor-element-3e6955d\" data-id=\"3e6955d\" data-element_type=\"column\">\n\t\t\t<div class=\"elementor-widget-wrap elementor-element-populated\">\n\t\t\t\t\t\t<div class=\"elementor-element elementor-element-08a61c9 elementor-widget elementor-widget-text-editor\" data-id=\"08a61c9\" data-element_type=\"widget\" data-widget_type=\"text-editor.default\">\n\t\t\t\t<div class=\"elementor-widget-container\">\n\t\t\t\t\t\t\t\t\t<p><i>\u00abPLASTIMYR, S.A. ha sido beneficiaria del Fondo Europeo de Desarrollo Regional cuyo objetivo es potenciar la investigaci\u00f3n, el desarrollo tecnol\u00f3gico y la innovaci\u00f3n mediante el proyecto de \u201cNueva l\u00ednea de art\u00edculos de puericultura y otros productos infantiles\u00bb. Para ello ha contado con el apoyo del programa Innoc\u00e1maras de la C\u00e1mara de Alicante y Diputaci\u00f3n Provincial de Alicante. Una manera de hacer Europa\u201d.<\/i><\/p>\t\t\t\t\t\t\t\t<\/div>\n\t\t\t\t<\/div>\n\t\t\t\t\t<\/div>\n\t\t<\/div>\n\t\t\t\t\t<\/div>\n\t\t<\/section>\n\t\t\t\t<section class=\"elementor-section elementor-top-section elementor-element elementor-element-046a6c3 elementor-section-boxed elementor-section-height-default elementor-section-height-default wpr-particle-no wpr-jarallax-no wpr-parallax-no wpr-sticky-section-no\" data-id=\"046a6c3\" data-element_type=\"section\">\n\t\t\t\t\t\t<div class=\"elementor-container elementor-column-gap-default\">\n\t\t\t\t\t<div class=\"elementor-column elementor-col-100 elementor-top-column elementor-element elementor-element-504ea4e\" data-id=\"504ea4e\" data-element_type=\"column\">\n\t\t\t<div class=\"elementor-widget-wrap elementor-element-populated\">\n\t\t\t\t\t\t<div class=\"elementor-element elementor-element-a20a3d5 elementor-widget elementor-widget-text-editor\" data-id=\"a20a3d5\" data-element_type=\"widget\" data-widget_type=\"text-editor.default\">\n\t\t\t\t<div class=\"elementor-widget-container\">\n\t\t\t\t\t\t\t\t\t<p><span style=\"font-weight: 400;\">Plastimyr, S.A. ha realizado acciones enfocadas a la internacionalizaci\u00f3n de la empresa. Estas han sido cofinanciadas por <\/span><b>Conselleria de Econom\u00eda Sostenible, Sectores Productivos, Comercio y Trabajo <\/b><span style=\"font-weight: 400;\">incluido dentro del programa ayudas de Apoyo a la promoci\u00f3n exterior de la Comunitat Valenciana para el ejercicio 2020. El proyecto ha sido apoyado con una subvenci\u00f3n de 10.564,08\u20ac.\u00a0\u00a0<\/span><\/p>\t\t\t\t\t\t\t\t<\/div>\n\t\t\t\t<\/div>\n\t\t\t\t<div class=\"elementor-element elementor-element-c674d60 elementor-widget elementor-widget-image\" data-id=\"c674d60\" data-element_type=\"widget\" data-widget_type=\"image.default\">\n\t\t\t\t<div class=\"elementor-widget-container\">\n\t\t\t\t\t\t\t\t\t\t\t\t\t\t\t<img decoding=\"async\" width=\"360\" height=\"211\" src=\"https:\/\/plastimyr.com\/wp-content\/uploads\/2021\/04\/LogoGeneralitatValenciana-360x211.jpeg\" class=\"attachment-medium size-medium wp-image-8201\" alt=\"\" srcset=\"https:\/\/plastimyr.com\/wp-content\/uploads\/2021\/04\/LogoGeneralitatValenciana-360x211.jpeg 360w, https:\/\/plastimyr.com\/wp-content\/uploads\/2021\/04\/LogoGeneralitatValenciana-768x450.jpeg 768w, https:\/\/plastimyr.com\/wp-content\/uploads\/2021\/04\/LogoGeneralitatValenciana-142x83.jpeg 142w, https:\/\/plastimyr.com\/wp-content\/uploads\/2021\/04\/LogoGeneralitatValenciana-426x250.jpeg 426w, https:\/\/plastimyr.com\/wp-content\/uploads\/2021\/04\/LogoGeneralitatValenciana-90x53.jpeg 90w, https:\/\/plastimyr.com\/wp-content\/uploads\/2021\/04\/LogoGeneralitatValenciana-600x352.jpeg 600w, https:\/\/plastimyr.com\/wp-content\/uploads\/2021\/04\/LogoGeneralitatValenciana.jpeg 960w\" sizes=\"(max-width: 360px) 100vw, 360px\" \/>\t\t\t\t\t\t\t\t\t\t\t\t\t\t\t<\/div>\n\t\t\t\t<\/div>\n\t\t\t\t<div class=\"elementor-element elementor-element-9e90436 elementor-widget elementor-widget-image\" data-id=\"9e90436\" data-element_type=\"widget\" data-widget_type=\"image.default\">\n\t\t\t\t<div class=\"elementor-widget-container\">\n\t\t\t\t\t\t\t\t\t\t\t\t\t\t\t<img decoding=\"async\" width=\"360\" height=\"172\" src=\"https:\/\/plastimyr.com\/wp-content\/uploads\/2021\/04\/ISO-9001-REC-360x172.png\" class=\"attachment-medium size-medium wp-image-8259\" alt=\"\" srcset=\"https:\/\/plastimyr.com\/wp-content\/uploads\/2021\/04\/ISO-9001-REC-360x172.png 360w, https:\/\/plastimyr.com\/wp-content\/uploads\/2021\/04\/ISO-9001-REC-1235x590.png 1235w, https:\/\/plastimyr.com\/wp-content\/uploads\/2021\/04\/ISO-9001-REC-768x367.png 768w, https:\/\/plastimyr.com\/wp-content\/uploads\/2021\/04\/ISO-9001-REC-1536x734.png 1536w, https:\/\/plastimyr.com\/wp-content\/uploads\/2021\/04\/ISO-9001-REC-142x68.png 142w, https:\/\/plastimyr.com\/wp-content\/uploads\/2021\/04\/ISO-9001-REC-523x250.png 523w, https:\/\/plastimyr.com\/wp-content\/uploads\/2021\/04\/ISO-9001-REC-111x53.png 111w, https:\/\/plastimyr.com\/wp-content\/uploads\/2021\/04\/ISO-9001-REC-600x287.png 600w, https:\/\/plastimyr.com\/wp-content\/uploads\/2021\/04\/ISO-9001-REC.png 1727w\" sizes=\"(max-width: 360px) 100vw, 360px\" \/>\t\t\t\t\t\t\t\t\t\t\t\t\t\t\t<\/div>\n\t\t\t\t<\/div>\n\t\t\t\t\t<\/div>\n\t\t<\/div>\n\t\t\t\t\t<\/div>\n\t\t<\/section>\n\t\t\t\t<\/div>","protected":false},"excerpt":{"rendered":"<p>Plastimyr, con tu beb\u00e9 d\u00eda a d\u00eda Plastimyr nace en en 1957 con la misi\u00f3n de acompa\u00f1ar a tu beb\u00e9, en sus primeros a\u00f1os, en la comodidad del hogar. Durante a\u00f1os trabajamos para innovar tanto en la calidad de nuestros productos como en el dise\u00f1o. Llegamos a ser pioneros en la fabricaci\u00f3n de ba\u00f1eras, parques y tronas. En 2017 iniciamos la revoluci\u00f3n de las Mam\u00e1s al D\u00eda que no es otra cosa que la suma de la experiencia de todos nuestros a\u00f1os de fabricaci\u00f3n a la vanguardia del dise\u00f1o y la seguridad para tu beb\u00e9. Apostamos por las colecciones que dan vida a la casa Plastimyr: Disney Baby, Estrellas y Topos. Aunque tambi\u00e9n conservamos los dise\u00f1os m\u00e1s tradicionales que se adaptan a vuestro hogar y a vuestro estilo de vida. La seguridad, sigue siendo, la m\u00e1xima en nuestros procesos de fabricaci\u00f3n. Invertimos en producci\u00f3n espa\u00f1ola y europea, dando como resultado productos hechos por nosotros, en nuestro pa\u00eds o en el entorno europeo. Cada vez estamos m\u00e1s cerca de ti. Plastimyr se expande al ritmo que lo hacen las tiendas de puericultura repartidas por Espa\u00f1a y Europa que conf\u00edan en la experiencia que les aportamos. Muchas de ellas tambi\u00e9n en el entorno online. Por todo ello, llegamos all\u00ed donde se encuentre vuestro hogar. \u00abPLASTIMYR, S.A. ha sido beneficiaria del Fondo Europeo de Desarrollo Regional cuyo objetivo es potenciar la investigaci\u00f3n, el desarrollo tecnol\u00f3gico y la innovaci\u00f3n mediante el proyecto de \u201cNueva l\u00ednea de art\u00edculos de puericultura y otros productos infantiles\u00bb. Para ello ha contado con el apoyo del programa Innoc\u00e1maras de la C\u00e1mara de Alicante y Diputaci\u00f3n Provincial de Alicante. Una manera de hacer Europa\u201d. Plastimyr, S.A. ha realizado acciones enfocadas a la internacionalizaci\u00f3n de la empresa. Estas han sido cofinanciadas por Conselleria de Econom\u00eda Sostenible, Sectores Productivos, Comercio y Trabajo incluido dentro del programa ayudas de Apoyo a la promoci\u00f3n exterior de la Comunitat Valenciana para el ejercicio 2020. El proyecto ha sido apoyado con una subvenci\u00f3n de 10.564,08\u20ac.\u00a0\u00a0<\/p>","protected":false},"author":3,"featured_media":0,"parent":0,"menu_order":0,"comment_status":"closed","ping_status":"closed","template":"page-templates\/full-width.php","meta":{"_joinchat":[],"footnotes":""},"class_list":["post-1482","page","type-page","status-publish","hentry"],"yoast_head":"<!-- This site is optimized with the Yoast SEO plugin v24.1 - https:\/\/yoast.com\/wordpress\/plugins\/seo\/ -->\n<title>Con\u00f3cenos - Plastimyr<\/title>\n<meta name=\"robots\" content=\"index, follow, max-snippet:-1, max-image-preview:large, max-video-preview:-1\" \/>\n<link rel=\"canonical\" href=\"https:\/\/plastimyr.com\/en\/conocenos\/\" \/>\n<meta property=\"og:locale\" content=\"en_US\" \/>\n<meta property=\"og:type\" content=\"article\" \/>\n<meta property=\"og:title\" content=\"Con\u00f3cenos - Plastimyr\" \/>\n<meta property=\"og:description\" content=\"Plastimyr, con tu beb\u00e9 d\u00eda a d\u00eda Plastimyr nace en en 1957 con la misi\u00f3n de acompa\u00f1ar a tu beb\u00e9, en sus primeros a\u00f1os, en la comodidad del hogar. Durante a\u00f1os trabajamos para innovar tanto en la calidad de nuestros productos como en el dise\u00f1o. Llegamos a ser pioneros en la fabricaci\u00f3n de ba\u00f1eras, parques y tronas. En 2017 iniciamos la revoluci\u00f3n de las Mam\u00e1s al D\u00eda que no es otra cosa que la suma de la experiencia de todos nuestros a\u00f1os de fabricaci\u00f3n a la vanguardia del dise\u00f1o y la seguridad para tu beb\u00e9. Apostamos por las colecciones que dan vida a la casa Plastimyr: Disney Baby, Estrellas y Topos. Aunque tambi\u00e9n conservamos los dise\u00f1os m\u00e1s tradicionales que se adaptan a vuestro hogar y a vuestro estilo de vida. La seguridad, sigue siendo, la m\u00e1xima en nuestros procesos de fabricaci\u00f3n. Invertimos en producci\u00f3n espa\u00f1ola y europea, dando como resultado productos hechos por nosotros, en nuestro pa\u00eds o en el entorno europeo. Cada vez estamos m\u00e1s cerca de ti. Plastimyr se expande al ritmo que lo hacen las tiendas de puericultura repartidas por Espa\u00f1a y Europa que conf\u00edan en la experiencia que les aportamos. Muchas de ellas tambi\u00e9n en el entorno online. Por todo ello, llegamos all\u00ed donde se encuentre vuestro hogar. \u00abPLASTIMYR, S.A. ha sido beneficiaria del Fondo Europeo de Desarrollo Regional cuyo objetivo es potenciar la investigaci\u00f3n, el desarrollo tecnol\u00f3gico y la innovaci\u00f3n mediante el proyecto de \u201cNueva l\u00ednea de art\u00edculos de puericultura y otros productos infantiles\u00bb. Para ello ha contado con el apoyo del programa Innoc\u00e1maras de la C\u00e1mara de Alicante y Diputaci\u00f3n Provincial de Alicante. Una manera de hacer Europa\u201d. Plastimyr, S.A. ha realizado acciones enfocadas a la internacionalizaci\u00f3n de la empresa. Estas han sido cofinanciadas por Conselleria de Econom\u00eda Sostenible, Sectores Productivos, Comercio y Trabajo incluido dentro del programa ayudas de Apoyo a la promoci\u00f3n exterior de la Comunitat Valenciana para el ejercicio 2020. El proyecto ha sido apoyado con una subvenci\u00f3n de 10.564,08\u20ac.\u00a0\u00a0\" \/>\n<meta property=\"og:url\" content=\"https:\/\/plastimyr.com\/en\/conocenos\/\" \/>\n<meta property=\"og:site_name\" content=\"Plastimyr\" \/>\n<meta property=\"article:modified_time\" content=\"2024-08-20T10:02:59+00:00\" \/>\n<meta property=\"og:image\" content=\"https:\/\/plastimyr.com\/wp-content\/uploads\/2021\/03\/INNOCAMARAS-417x590.jpg\" \/>\n<meta name=\"twitter:card\" content=\"summary_large_image\" \/>\n<meta name=\"twitter:label1\" content=\"Est. reading time\" \/>\n\t<meta name=\"twitter:data1\" content=\"3 minutes\" \/>\n<script type=\"application\/ld+json\" class=\"yoast-schema-graph\">{\"@context\":\"https:\/\/schema.org\",\"@graph\":[{\"@type\":\"WebPage\",\"@id\":\"https:\/\/plastimyr.com\/conocenos\/\",\"url\":\"https:\/\/plastimyr.com\/conocenos\/\",\"name\":\"Con\u00f3cenos - Plastimyr\",\"isPartOf\":{\"@id\":\"https:\/\/plastimyr.com\/#website\"},\"primaryImageOfPage\":{\"@id\":\"https:\/\/plastimyr.com\/conocenos\/#primaryimage\"},\"image\":{\"@id\":\"https:\/\/plastimyr.com\/conocenos\/#primaryimage\"},\"thumbnailUrl\":\"https:\/\/plastimyr.com\/wp-content\/uploads\/2021\/03\/INNOCAMARAS-417x590.jpg\",\"datePublished\":\"2017-09-02T08:20:47+00:00\",\"dateModified\":\"2024-08-20T10:02:59+00:00\",\"breadcrumb\":{\"@id\":\"https:\/\/plastimyr.com\/conocenos\/#breadcrumb\"},\"inLanguage\":\"en-US\",\"potentialAction\":[{\"@type\":\"ReadAction\",\"target\":[\"https:\/\/plastimyr.com\/conocenos\/\"]}]},{\"@type\":\"ImageObject\",\"inLanguage\":\"en-US\",\"@id\":\"https:\/\/plastimyr.com\/conocenos\/#primaryimage\",\"url\":\"https:\/\/plastimyr.com\/wp-content\/uploads\/2021\/03\/INNOCAMARAS-417x590.jpg\",\"contentUrl\":\"https:\/\/plastimyr.com\/wp-content\/uploads\/2021\/03\/INNOCAMARAS-417x590.jpg\"},{\"@type\":\"BreadcrumbList\",\"@id\":\"https:\/\/plastimyr.com\/conocenos\/#breadcrumb\",\"itemListElement\":[{\"@type\":\"ListItem\",\"position\":1,\"name\":\"Portada\",\"item\":\"https:\/\/plastimyr.com\/\"},{\"@type\":\"ListItem\",\"position\":2,\"name\":\"Con\u00f3cenos\"}]},{\"@type\":\"WebSite\",\"@id\":\"https:\/\/plastimyr.com\/#website\",\"url\":\"https:\/\/plastimyr.com\/\",\"name\":\"Plastimyr\",\"description\":\"Productos para beb&eacute;s\",\"potentialAction\":[{\"@type\":\"SearchAction\",\"target\":{\"@type\":\"EntryPoint\",\"urlTemplate\":\"https:\/\/plastimyr.com\/?s={search_term_string}\"},\"query-input\":{\"@type\":\"PropertyValueSpecification\",\"valueRequired\":true,\"valueName\":\"search_term_string\"}}],\"inLanguage\":\"en-US\"}]}<\/script>\n<!-- \/ Yoast SEO plugin. -->","yoast_head_json":{"title":"Con\u00f3cenos - Plastimyr","robots":{"index":"index","follow":"follow","max-snippet":"max-snippet:-1","max-image-preview":"max-image-preview:large","max-video-preview":"max-video-preview:-1"},"canonical":"https:\/\/plastimyr.com\/en\/conocenos\/","og_locale":"en_US","og_type":"article","og_title":"Con\u00f3cenos - Plastimyr","og_description":"Plastimyr, con tu beb\u00e9 d\u00eda a d\u00eda Plastimyr nace en en 1957 con la misi\u00f3n de acompa\u00f1ar a tu beb\u00e9, en sus primeros a\u00f1os, en la comodidad del hogar. Durante a\u00f1os trabajamos para innovar tanto en la calidad de nuestros productos como en el dise\u00f1o. Llegamos a ser pioneros en la fabricaci\u00f3n de ba\u00f1eras, parques y tronas. En 2017 iniciamos la revoluci\u00f3n de las Mam\u00e1s al D\u00eda que no es otra cosa que la suma de la experiencia de todos nuestros a\u00f1os de fabricaci\u00f3n a la vanguardia del dise\u00f1o y la seguridad para tu beb\u00e9. Apostamos por las colecciones que dan vida a la casa Plastimyr: Disney Baby, Estrellas y Topos. Aunque tambi\u00e9n conservamos los dise\u00f1os m\u00e1s tradicionales que se adaptan a vuestro hogar y a vuestro estilo de vida. La seguridad, sigue siendo, la m\u00e1xima en nuestros procesos de fabricaci\u00f3n. Invertimos en producci\u00f3n espa\u00f1ola y europea, dando como resultado productos hechos por nosotros, en nuestro pa\u00eds o en el entorno europeo. Cada vez estamos m\u00e1s cerca de ti. Plastimyr se expande al ritmo que lo hacen las tiendas de puericultura repartidas por Espa\u00f1a y Europa que conf\u00edan en la experiencia que les aportamos. Muchas de ellas tambi\u00e9n en el entorno online. Por todo ello, llegamos all\u00ed donde se encuentre vuestro hogar. \u00abPLASTIMYR, S.A. ha sido beneficiaria del Fondo Europeo de Desarrollo Regional cuyo objetivo es potenciar la investigaci\u00f3n, el desarrollo tecnol\u00f3gico y la innovaci\u00f3n mediante el proyecto de \u201cNueva l\u00ednea de art\u00edculos de puericultura y otros productos infantiles\u00bb. Para ello ha contado con el apoyo del programa Innoc\u00e1maras de la C\u00e1mara de Alicante y Diputaci\u00f3n Provincial de Alicante. Una manera de hacer Europa\u201d. Plastimyr, S.A. ha realizado acciones enfocadas a la internacionalizaci\u00f3n de la empresa. Estas han sido cofinanciadas por Conselleria de Econom\u00eda Sostenible, Sectores Productivos, Comercio y Trabajo incluido dentro del programa ayudas de Apoyo a la promoci\u00f3n exterior de la Comunitat Valenciana para el ejercicio 2020. El proyecto ha sido apoyado con una subvenci\u00f3n de 10.564,08\u20ac.\u00a0\u00a0","og_url":"https:\/\/plastimyr.com\/en\/conocenos\/","og_site_name":"Plastimyr","article_modified_time":"2024-08-20T10:02:59+00:00","og_image":[{"url":"https:\/\/plastimyr.com\/wp-content\/uploads\/2021\/03\/INNOCAMARAS-417x590.jpg","type":"","width":"","height":""}],"twitter_card":"summary_large_image","twitter_misc":{"Est. reading time":"3 minutes"},"schema":{"@context":"https:\/\/schema.org","@graph":[{"@type":"WebPage","@id":"https:\/\/plastimyr.com\/conocenos\/","url":"https:\/\/plastimyr.com\/conocenos\/","name":"Con\u00f3cenos - Plastimyr","isPartOf":{"@id":"https:\/\/plastimyr.com\/#website"},"primaryImageOfPage":{"@id":"https:\/\/plastimyr.com\/conocenos\/#primaryimage"},"image":{"@id":"https:\/\/plastimyr.com\/conocenos\/#primaryimage"},"thumbnailUrl":"https:\/\/plastimyr.com\/wp-content\/uploads\/2021\/03\/INNOCAMARAS-417x590.jpg","datePublished":"2017-09-02T08:20:47+00:00","dateModified":"2024-08-20T10:02:59+00:00","breadcrumb":{"@id":"https:\/\/plastimyr.com\/conocenos\/#breadcrumb"},"inLanguage":"en-US","potentialAction":[{"@type":"ReadAction","target":["https:\/\/plastimyr.com\/conocenos\/"]}]},{"@type":"ImageObject","inLanguage":"en-US","@id":"https:\/\/plastimyr.com\/conocenos\/#primaryimage","url":"https:\/\/plastimyr.com\/wp-content\/uploads\/2021\/03\/INNOCAMARAS-417x590.jpg","contentUrl":"https:\/\/plastimyr.com\/wp-content\/uploads\/2021\/03\/INNOCAMARAS-417x590.jpg"},{"@type":"BreadcrumbList","@id":"https:\/\/plastimyr.com\/conocenos\/#breadcrumb","itemListElement":[{"@type":"ListItem","position":1,"name":"Portada","item":"https:\/\/plastimyr.com\/"},{"@type":"ListItem","position":2,"name":"Con\u00f3cenos"}]},{"@type":"WebSite","@id":"https:\/\/plastimyr.com\/#website","url":"https:\/\/plastimyr.com\/","name":"Plastimyr","description":"Productos para beb&eacute;s","potentialAction":[{"@type":"SearchAction","target":{"@type":"EntryPoint","urlTemplate":"https:\/\/plastimyr.com\/?s={search_term_string}"},"query-input":{"@type":"PropertyValueSpecification","valueRequired":true,"valueName":"search_term_string"}}],"inLanguage":"en-US"}]}},"_links":{"self":[{"href":"https:\/\/plastimyr.com\/en\/wp-json\/wp\/v2\/pages\/1482","targetHints":{"allow":["GET"]}}],"collection":[{"href":"https:\/\/plastimyr.com\/en\/wp-json\/wp\/v2\/pages"}],"about":[{"href":"https:\/\/plastimyr.com\/en\/wp-json\/wp\/v2\/types\/page"}],"author":[{"embeddable":true,"href":"https:\/\/plastimyr.com\/en\/wp-json\/wp\/v2\/users\/3"}],"replies":[{"embeddable":true,"href":"https:\/\/plastimyr.com\/en\/wp-json\/wp\/v2\/comments?post=1482"}],"version-history":[{"count":0,"href":"https:\/\/plastimyr.com\/en\/wp-json\/wp\/v2\/pages\/1482\/revisions"}],"wp:attachment":[{"href":"https:\/\/plastimyr.com\/en\/wp-json\/wp\/v2\/media?parent=1482"}],"curies":[{"name":"wp","href":"https:\/\/api.w.org\/{rel}","templated":true}]}}