{"id":680,"date":"2016-08-29T07:54:12","date_gmt":"2016-08-29T07:54:12","guid":{"rendered":"http:\/\/wp.ideapark.kz\/kidz\/babyshop\/cart\/"},"modified":"2025-07-03T08:01:25","modified_gmt":"2025-07-03T08:01:25","slug":"cart","status":"publish","type":"page","link":"https:\/\/plastimyr.com\/en\/cart\/","title":{"rendered":"Carrito"},"content":{"rendered":"<div data-elementor-type=\"wp-page\" data-elementor-id=\"680\" class=\"elementor elementor-680\">\n\t\t\t\t<div class=\"elementor-element elementor-element-3a551367 e-flex e-con-boxed wpr-particle-no wpr-jarallax-no wpr-parallax-no wpr-sticky-section-no e-con e-parent\" data-id=\"3a551367\" data-element_type=\"container\">\n\t\t\t\t\t<div class=\"e-con-inner\">\n\t\t\t\t\t<\/div>\n\t\t\t\t<\/div>\n\t\t\t\t<\/div>","protected":false},"excerpt":{"rendered":"<p>Producto Precio Cantidad Total Cubeta anat\u00f3mica Disney Color: Rosa 22.50&euro; Cubeta anat\u00f3mica Disney &#8211; Rosa cantidad 22.50&euro; Cup\u00f3n: Aplicar cup\u00f3n Seguir comprando Subtotal 22.50&euro; Total 28.45&euro; Proceder al pago<\/p>","protected":false},"author":3,"featured_media":0,"parent":0,"menu_order":0,"comment_status":"closed","ping_status":"closed","template":"elementor_header_footer","meta":{"_joinchat":[],"footnotes":""},"class_list":["post-680","page","type-page","status-publish","hentry"],"yoast_head":"<!-- This site is optimized with the Yoast SEO plugin v24.1 - https:\/\/yoast.com\/wordpress\/plugins\/seo\/ -->\n<title>Carrito - Plastimyr<\/title>\n<meta name=\"robots\" content=\"index, follow, max-snippet:-1, max-image-preview:large, max-video-preview:-1\" \/>\n<link rel=\"canonical\" href=\"https:\/\/plastimyr.com\/en\/cart\/\" \/>\n<meta property=\"og:locale\" content=\"en_US\" \/>\n<meta property=\"og:type\" content=\"article\" \/>\n<meta property=\"og:title\" content=\"Carrito - Plastimyr\" \/>\n<meta property=\"og:description\" content=\"Producto Precio Cantidad Total Cubeta anat\u00f3mica Disney Color: Rosa 22.50&euro; Cubeta anat\u00f3mica Disney &#8211; Rosa cantidad 22.50&euro; Cup\u00f3n: Aplicar cup\u00f3n Seguir comprando Subtotal 22.50&euro; Total 28.45&euro; Proceder al pago\" \/>\n<meta property=\"og:url\" content=\"https:\/\/plastimyr.com\/en\/cart\/\" \/>\n<meta property=\"og:site_name\" content=\"Plastimyr\" \/>\n<meta property=\"article:modified_time\" content=\"2025-07-03T08:01:25+00:00\" \/>\n<meta property=\"og:image\" content=\"https:\/\/plastimyr.com\/wp-content\/uploads\/2023\/02\/4052396073317_01-300x300.jpg\" \/>\n<meta name=\"twitter:card\" content=\"summary_large_image\" \/>\n<meta name=\"twitter:label1\" content=\"Est. reading time\" \/>\n\t<meta name=\"twitter:data1\" content=\"1 minute\" \/>\n<script type=\"application\/ld+json\" class=\"yoast-schema-graph\">{\"@context\":\"https:\/\/schema.org\",\"@graph\":[{\"@type\":\"WebPage\",\"@id\":\"https:\/\/plastimyr.com\/cart\/\",\"url\":\"https:\/\/plastimyr.com\/cart\/\",\"name\":\"Carrito - Plastimyr\",\"isPartOf\":{\"@id\":\"https:\/\/plastimyr.com\/#website\"},\"primaryImageOfPage\":{\"@id\":\"https:\/\/plastimyr.com\/cart\/#primaryimage\"},\"image\":{\"@id\":\"https:\/\/plastimyr.com\/cart\/#primaryimage\"},\"thumbnailUrl\":\"https:\/\/plastimyr.com\/wp-content\/uploads\/2023\/02\/4052396073317_01-300x300.jpg\",\"datePublished\":\"2016-08-29T07:54:12+00:00\",\"dateModified\":\"2025-07-03T08:01:25+00:00\",\"breadcrumb\":{\"@id\":\"https:\/\/plastimyr.com\/cart\/#breadcrumb\"},\"inLanguage\":\"en-US\",\"potentialAction\":[{\"@type\":\"ReadAction\",\"target\":[\"https:\/\/plastimyr.com\/cart\/\"]}]},{\"@type\":\"ImageObject\",\"inLanguage\":\"en-US\",\"@id\":\"https:\/\/plastimyr.com\/cart\/#primaryimage\",\"url\":\"https:\/\/plastimyr.com\/wp-content\/uploads\/2023\/02\/4052396073317_01-300x300.jpg\",\"contentUrl\":\"https:\/\/plastimyr.com\/wp-content\/uploads\/2023\/02\/4052396073317_01-300x300.jpg\"},{\"@type\":\"BreadcrumbList\",\"@id\":\"https:\/\/plastimyr.com\/cart\/#breadcrumb\",\"itemListElement\":[{\"@type\":\"ListItem\",\"position\":1,\"name\":\"Portada\",\"item\":\"https:\/\/plastimyr.com\/\"},{\"@type\":\"ListItem\",\"position\":2,\"name\":\"Carrito\"}]},{\"@type\":\"WebSite\",\"@id\":\"https:\/\/plastimyr.com\/#website\",\"url\":\"https:\/\/plastimyr.com\/\",\"name\":\"Plastimyr\",\"description\":\"Productos para beb&eacute;s\",\"potentialAction\":[{\"@type\":\"SearchAction\",\"target\":{\"@type\":\"EntryPoint\",\"urlTemplate\":\"https:\/\/plastimyr.com\/?s={search_term_string}\"},\"query-input\":{\"@type\":\"PropertyValueSpecification\",\"valueRequired\":true,\"valueName\":\"search_term_string\"}}],\"inLanguage\":\"en-US\"}]}<\/script>\n<!-- \/ Yoast SEO plugin. -->","yoast_head_json":{"title":"Carrito - Plastimyr","robots":{"index":"index","follow":"follow","max-snippet":"max-snippet:-1","max-image-preview":"max-image-preview:large","max-video-preview":"max-video-preview:-1"},"canonical":"https:\/\/plastimyr.com\/en\/cart\/","og_locale":"en_US","og_type":"article","og_title":"Carrito - Plastimyr","og_description":"Producto Precio Cantidad Total Cubeta anat\u00f3mica Disney Color: Rosa 22.50&euro; Cubeta anat\u00f3mica Disney &#8211; Rosa cantidad 22.50&euro; Cup\u00f3n: Aplicar cup\u00f3n Seguir comprando Subtotal 22.50&euro; Total 28.45&euro; Proceder al pago","og_url":"https:\/\/plastimyr.com\/en\/cart\/","og_site_name":"Plastimyr","article_modified_time":"2025-07-03T08:01:25+00:00","og_image":[{"url":"https:\/\/plastimyr.com\/wp-content\/uploads\/2023\/02\/4052396073317_01-300x300.jpg","type":"","width":"","height":""}],"twitter_card":"summary_large_image","twitter_misc":{"Est. reading time":"1 minute"},"schema":{"@context":"https:\/\/schema.org","@graph":[{"@type":"WebPage","@id":"https:\/\/plastimyr.com\/cart\/","url":"https:\/\/plastimyr.com\/cart\/","name":"Carrito - Plastimyr","isPartOf":{"@id":"https:\/\/plastimyr.com\/#website"},"primaryImageOfPage":{"@id":"https:\/\/plastimyr.com\/cart\/#primaryimage"},"image":{"@id":"https:\/\/plastimyr.com\/cart\/#primaryimage"},"thumbnailUrl":"https:\/\/plastimyr.com\/wp-content\/uploads\/2023\/02\/4052396073317_01-300x300.jpg","datePublished":"2016-08-29T07:54:12+00:00","dateModified":"2025-07-03T08:01:25+00:00","breadcrumb":{"@id":"https:\/\/plastimyr.com\/cart\/#breadcrumb"},"inLanguage":"en-US","potentialAction":[{"@type":"ReadAction","target":["https:\/\/plastimyr.com\/cart\/"]}]},{"@type":"ImageObject","inLanguage":"en-US","@id":"https:\/\/plastimyr.com\/cart\/#primaryimage","url":"https:\/\/plastimyr.com\/wp-content\/uploads\/2023\/02\/4052396073317_01-300x300.jpg","contentUrl":"https:\/\/plastimyr.com\/wp-content\/uploads\/2023\/02\/4052396073317_01-300x300.jpg"},{"@type":"BreadcrumbList","@id":"https:\/\/plastimyr.com\/cart\/#breadcrumb","itemListElement":[{"@type":"ListItem","position":1,"name":"Portada","item":"https:\/\/plastimyr.com\/"},{"@type":"ListItem","position":2,"name":"Carrito"}]},{"@type":"WebSite","@id":"https:\/\/plastimyr.com\/#website","url":"https:\/\/plastimyr.com\/","name":"Plastimyr","description":"Productos para beb&eacute;s","potentialAction":[{"@type":"SearchAction","target":{"@type":"EntryPoint","urlTemplate":"https:\/\/plastimyr.com\/?s={search_term_string}"},"query-input":{"@type":"PropertyValueSpecification","valueRequired":true,"valueName":"search_term_string"}}],"inLanguage":"en-US"}]}},"_links":{"self":[{"href":"https:\/\/plastimyr.com\/en\/wp-json\/wp\/v2\/pages\/680","targetHints":{"allow":["GET"]}}],"collection":[{"href":"https:\/\/plastimyr.com\/en\/wp-json\/wp\/v2\/pages"}],"about":[{"href":"https:\/\/plastimyr.com\/en\/wp-json\/wp\/v2\/types\/page"}],"author":[{"embeddable":true,"href":"https:\/\/plastimyr.com\/en\/wp-json\/wp\/v2\/users\/3"}],"replies":[{"embeddable":true,"href":"https:\/\/plastimyr.com\/en\/wp-json\/wp\/v2\/comments?post=680"}],"version-history":[{"count":1,"href":"https:\/\/plastimyr.com\/en\/wp-json\/wp\/v2\/pages\/680\/revisions"}],"predecessor-version":[{"id":18566,"href":"https:\/\/plastimyr.com\/en\/wp-json\/wp\/v2\/pages\/680\/revisions\/18566"}],"wp:attachment":[{"href":"https:\/\/plastimyr.com\/en\/wp-json\/wp\/v2\/media?parent=680"}],"curies":[{"name":"wp","href":"https:\/\/api.w.org\/{rel}","templated":true}]}}