{"id":16835,"date":"2024-11-01T13:26:00","date_gmt":"2024-11-01T13:26:00","guid":{"rendered":"https:\/\/plastimyr.com\/?post_type=product&#038;p=16835"},"modified":"2024-11-25T10:39:14","modified_gmt":"2024-11-25T10:39:14","slug":"banera-ergonomica-nil-2","status":"publish","type":"product","link":"https:\/\/plastimyr.com\/en\/product\/banera-ergonomica-nil-2\/","title":{"rendered":"Ba\u00f1era Ergon\u00f3mica Nil con Forma Adaptable y M\u00e1ximo Confort"},"content":{"rendered":"<p>La <strong>Ba\u00f1era Ergon\u00f3mica Nil de Plastimyr<\/strong> es ideal para proporcionar un ba\u00f1o <strong>seguro y c\u00f3modo<\/strong> al beb\u00e9. Su <strong>dise\u00f1o anat\u00f3mico<\/strong> y <strong>forma ergon\u00f3mica<\/strong> est\u00e1n pensados para ofrecer el m\u00e1ximo soporte, ayudando a que el beb\u00e9 mantenga una posici\u00f3n segura mientras se le ba\u00f1a. Fabricada en <strong>polipropileno resistente<\/strong>, esta ba\u00f1era es <strong>duradera y f\u00e1cil de limpiar<\/strong>, ideal para el uso diario.<\/p>\n<p>&nbsp;<\/p>\n<p>Con una <strong>superficie antideslizante<\/strong> en su interior, la <strong>Ba\u00f1era Nil<\/strong> aumenta la seguridad y reduce el riesgo de resbalones. Disponible en elegantes tonos <strong>Gris<\/strong> y <strong>Blanco<\/strong>, esta ba\u00f1era se adapta a cualquier estilo de decoraci\u00f3n. <strong>Fabricada en Espa\u00f1a<\/strong> y con <strong>marcado CE<\/strong>, cumple con los m\u00e1s altos est\u00e1ndares de <strong>seguridad europea<\/strong>, garantizando <strong>confianza y tranquilidad<\/strong> a los padres.<\/p>","protected":false},"excerpt":{"rendered":"<ul>\n<li><strong>Dise\u00f1o ergon\u00f3mico<\/strong>: Forma anat\u00f3mica para un ba\u00f1o c\u00f3modo y seguro.<\/li>\n<li><strong>Material resistente y duradero<\/strong>: Fabricada en polipropileno de alta calidad.<\/li>\n<li><strong>Superficie antideslizante<\/strong>: Ofrece mayor seguridad al beb\u00e9 durante el ba\u00f1o.<\/li>\n<li><strong>Colores modernos<\/strong>: Disponible en tonos Gris y Blanco.<\/li>\n<li><strong>Fabricada en Espa\u00f1a<\/strong>: Cumple con normativa CE para seguridad infantil.<\/li>\n<\/ul>\n<h3><\/h3>","protected":false},"featured_media":15936,"comment_status":"open","ping_status":"closed","template":"","meta":{"_joinchat":[]},"product_cat":[1529,1439,1524],"product_tag":[],"class_list":{"0":"post-16835","1":"product","2":"type-product","3":"status-publish","4":"has-post-thumbnail","6":"product_cat-black-friday","7":"product_cat-bano","8":"product_cat-baneras","10":"first","11":"instock","12":"taxable","13":"shipping-taxable","14":"purchasable","15":"product-type-variable","16":"has-default-attributes"},"yoast_head":"<!-- This site is optimized with the Yoast SEO plugin v24.1 - https:\/\/yoast.com\/wordpress\/plugins\/seo\/ -->\n<title>Ba\u00f1era Ergon\u00f3mica Nil con Forma Adaptable y M\u00e1ximo Confort - Plastimyr<\/title>\n<meta name=\"description\" content=\"Ba\u00f1era ergon\u00f3mica Nil Plastimyr, dise\u00f1o anat\u00f3mico y seguro, colores modernos, calidad CE.\" \/>\n<meta name=\"robots\" content=\"index, follow, max-snippet:-1, max-image-preview:large, max-video-preview:-1\" \/>\n<link rel=\"canonical\" href=\"https:\/\/plastimyr.com\/en\/product\/banera-ergonomica-nil-2\/\" \/>\n<meta property=\"og:locale\" content=\"en_US\" \/>\n<meta property=\"og:type\" content=\"article\" \/>\n<meta property=\"og:title\" content=\"Ba\u00f1era Ergon\u00f3mica Nil con Forma Adaptable y M\u00e1ximo Confort - Plastimyr\" \/>\n<meta property=\"og:description\" content=\"Ba\u00f1era ergon\u00f3mica Nil Plastimyr, dise\u00f1o anat\u00f3mico y seguro, colores modernos, calidad CE.\" \/>\n<meta property=\"og:url\" content=\"https:\/\/plastimyr.com\/en\/product\/banera-ergonomica-nil-2\/\" \/>\n<meta property=\"og:site_name\" content=\"Plastimyr\" \/>\n<meta property=\"article:modified_time\" content=\"2024-11-25T10:39:14+00:00\" \/>\n<meta property=\"og:image\" content=\"https:\/\/plastimyr.com\/wp-content\/uploads\/2024\/10\/896.-LOVELY--e1730983533476.jpg\" \/>\n\t<meta property=\"og:image:width\" content=\"1000\" \/>\n\t<meta property=\"og:image:height\" content=\"1500\" \/>\n\t<meta property=\"og:image:type\" content=\"image\/jpeg\" \/>\n<meta name=\"twitter:card\" content=\"summary_large_image\" \/>\n<meta name=\"twitter:label1\" content=\"Est. reading time\" \/>\n\t<meta name=\"twitter:data1\" content=\"1 minute\" \/>\n<script type=\"application\/ld+json\" class=\"yoast-schema-graph\">{\"@context\":\"https:\/\/schema.org\",\"@graph\":[{\"@type\":\"WebPage\",\"@id\":\"https:\/\/plastimyr.com\/producto\/banera-ergonomica-nil-2\/\",\"url\":\"https:\/\/plastimyr.com\/producto\/banera-ergonomica-nil-2\/\",\"name\":\"Ba\u00f1era Ergon\u00f3mica Nil con Forma Adaptable y M\u00e1ximo Confort - Plastimyr\",\"isPartOf\":{\"@id\":\"https:\/\/plastimyr.com\/#website\"},\"primaryImageOfPage\":{\"@id\":\"https:\/\/plastimyr.com\/producto\/banera-ergonomica-nil-2\/#primaryimage\"},\"image\":{\"@id\":\"https:\/\/plastimyr.com\/producto\/banera-ergonomica-nil-2\/#primaryimage\"},\"thumbnailUrl\":\"https:\/\/plastimyr.com\/wp-content\/uploads\/2024\/10\/896.-LOVELY--e1730983533476.jpg\",\"datePublished\":\"2024-11-01T13:26:00+00:00\",\"dateModified\":\"2024-11-25T10:39:14+00:00\",\"description\":\"Ba\u00f1era ergon\u00f3mica Nil Plastimyr, dise\u00f1o anat\u00f3mico y seguro, colores modernos, calidad CE.\",\"breadcrumb\":{\"@id\":\"https:\/\/plastimyr.com\/producto\/banera-ergonomica-nil-2\/#breadcrumb\"},\"inLanguage\":\"en-US\",\"potentialAction\":[{\"@type\":\"ReadAction\",\"target\":[\"https:\/\/plastimyr.com\/producto\/banera-ergonomica-nil-2\/\"]}]},{\"@type\":\"ImageObject\",\"inLanguage\":\"en-US\",\"@id\":\"https:\/\/plastimyr.com\/producto\/banera-ergonomica-nil-2\/#primaryimage\",\"url\":\"https:\/\/plastimyr.com\/wp-content\/uploads\/2024\/10\/896.-LOVELY--e1730983533476.jpg\",\"contentUrl\":\"https:\/\/plastimyr.com\/wp-content\/uploads\/2024\/10\/896.-LOVELY--e1730983533476.jpg\",\"width\":1000,\"height\":1500},{\"@type\":\"BreadcrumbList\",\"@id\":\"https:\/\/plastimyr.com\/producto\/banera-ergonomica-nil-2\/#breadcrumb\",\"itemListElement\":[{\"@type\":\"ListItem\",\"position\":1,\"name\":\"Portada\",\"item\":\"https:\/\/plastimyr.com\/\"},{\"@type\":\"ListItem\",\"position\":2,\"name\":\"Tienda\",\"item\":\"https:\/\/plastimyr.com\/tienda\/\"},{\"@type\":\"ListItem\",\"position\":3,\"name\":\"Ba\u00f1era Ergon\u00f3mica Nil con Forma Adaptable y M\u00e1ximo Confort\"}]},{\"@type\":\"WebSite\",\"@id\":\"https:\/\/plastimyr.com\/#website\",\"url\":\"https:\/\/plastimyr.com\/\",\"name\":\"Plastimyr\",\"description\":\"Productos para beb&eacute;s\",\"potentialAction\":[{\"@type\":\"SearchAction\",\"target\":{\"@type\":\"EntryPoint\",\"urlTemplate\":\"https:\/\/plastimyr.com\/?s={search_term_string}\"},\"query-input\":{\"@type\":\"PropertyValueSpecification\",\"valueRequired\":true,\"valueName\":\"search_term_string\"}}],\"inLanguage\":\"en-US\"}]}<\/script>\n<!-- \/ Yoast SEO plugin. -->","yoast_head_json":{"title":"Ba\u00f1era Ergon\u00f3mica Nil con Forma Adaptable y M\u00e1ximo Confort - Plastimyr","description":"Ba\u00f1era ergon\u00f3mica Nil Plastimyr, dise\u00f1o anat\u00f3mico y seguro, colores modernos, calidad CE.","robots":{"index":"index","follow":"follow","max-snippet":"max-snippet:-1","max-image-preview":"max-image-preview:large","max-video-preview":"max-video-preview:-1"},"canonical":"https:\/\/plastimyr.com\/en\/product\/banera-ergonomica-nil-2\/","og_locale":"en_US","og_type":"article","og_title":"Ba\u00f1era Ergon\u00f3mica Nil con Forma Adaptable y M\u00e1ximo Confort - Plastimyr","og_description":"Ba\u00f1era ergon\u00f3mica Nil Plastimyr, dise\u00f1o anat\u00f3mico y seguro, colores modernos, calidad CE.","og_url":"https:\/\/plastimyr.com\/en\/product\/banera-ergonomica-nil-2\/","og_site_name":"Plastimyr","article_modified_time":"2024-11-25T10:39:14+00:00","og_image":[{"width":1000,"height":1500,"url":"https:\/\/plastimyr.com\/wp-content\/uploads\/2024\/10\/896.-LOVELY--e1730983533476.jpg","type":"image\/jpeg"}],"twitter_card":"summary_large_image","twitter_misc":{"Est. reading time":"1 minute"},"schema":{"@context":"https:\/\/schema.org","@graph":[{"@type":"WebPage","@id":"https:\/\/plastimyr.com\/producto\/banera-ergonomica-nil-2\/","url":"https:\/\/plastimyr.com\/producto\/banera-ergonomica-nil-2\/","name":"Ba\u00f1era Ergon\u00f3mica Nil con Forma Adaptable y M\u00e1ximo Confort - Plastimyr","isPartOf":{"@id":"https:\/\/plastimyr.com\/#website"},"primaryImageOfPage":{"@id":"https:\/\/plastimyr.com\/producto\/banera-ergonomica-nil-2\/#primaryimage"},"image":{"@id":"https:\/\/plastimyr.com\/producto\/banera-ergonomica-nil-2\/#primaryimage"},"thumbnailUrl":"https:\/\/plastimyr.com\/wp-content\/uploads\/2024\/10\/896.-LOVELY--e1730983533476.jpg","datePublished":"2024-11-01T13:26:00+00:00","dateModified":"2024-11-25T10:39:14+00:00","description":"Ba\u00f1era ergon\u00f3mica Nil Plastimyr, dise\u00f1o anat\u00f3mico y seguro, colores modernos, calidad CE.","breadcrumb":{"@id":"https:\/\/plastimyr.com\/producto\/banera-ergonomica-nil-2\/#breadcrumb"},"inLanguage":"en-US","potentialAction":[{"@type":"ReadAction","target":["https:\/\/plastimyr.com\/producto\/banera-ergonomica-nil-2\/"]}]},{"@type":"ImageObject","inLanguage":"en-US","@id":"https:\/\/plastimyr.com\/producto\/banera-ergonomica-nil-2\/#primaryimage","url":"https:\/\/plastimyr.com\/wp-content\/uploads\/2024\/10\/896.-LOVELY--e1730983533476.jpg","contentUrl":"https:\/\/plastimyr.com\/wp-content\/uploads\/2024\/10\/896.-LOVELY--e1730983533476.jpg","width":1000,"height":1500},{"@type":"BreadcrumbList","@id":"https:\/\/plastimyr.com\/producto\/banera-ergonomica-nil-2\/#breadcrumb","itemListElement":[{"@type":"ListItem","position":1,"name":"Portada","item":"https:\/\/plastimyr.com\/"},{"@type":"ListItem","position":2,"name":"Tienda","item":"https:\/\/plastimyr.com\/tienda\/"},{"@type":"ListItem","position":3,"name":"Ba\u00f1era Ergon\u00f3mica Nil con Forma Adaptable y M\u00e1ximo Confort"}]},{"@type":"WebSite","@id":"https:\/\/plastimyr.com\/#website","url":"https:\/\/plastimyr.com\/","name":"Plastimyr","description":"Productos para beb&eacute;s","potentialAction":[{"@type":"SearchAction","target":{"@type":"EntryPoint","urlTemplate":"https:\/\/plastimyr.com\/?s={search_term_string}"},"query-input":{"@type":"PropertyValueSpecification","valueRequired":true,"valueName":"search_term_string"}}],"inLanguage":"en-US"}]}},"_links":{"self":[{"href":"https:\/\/plastimyr.com\/en\/wp-json\/wp\/v2\/product\/16835","targetHints":{"allow":["GET"]}}],"collection":[{"href":"https:\/\/plastimyr.com\/en\/wp-json\/wp\/v2\/product"}],"about":[{"href":"https:\/\/plastimyr.com\/en\/wp-json\/wp\/v2\/types\/product"}],"replies":[{"embeddable":true,"href":"https:\/\/plastimyr.com\/en\/wp-json\/wp\/v2\/comments?post=16835"}],"version-history":[{"count":0,"href":"https:\/\/plastimyr.com\/en\/wp-json\/wp\/v2\/product\/16835\/revisions"}],"wp:featuredmedia":[{"embeddable":true,"href":"https:\/\/plastimyr.com\/en\/wp-json\/wp\/v2\/media\/15936"}],"wp:attachment":[{"href":"https:\/\/plastimyr.com\/en\/wp-json\/wp\/v2\/media?parent=16835"}],"wp:term":[{"taxonomy":"product_cat","embeddable":true,"href":"https:\/\/plastimyr.com\/en\/wp-json\/wp\/v2\/product_cat?post=16835"},{"taxonomy":"product_tag","embeddable":true,"href":"https:\/\/plastimyr.com\/en\/wp-json\/wp\/v2\/product_tag?post=16835"}],"curies":[{"name":"wp","href":"https:\/\/api.w.org\/{rel}","templated":true}]}}